{"id":6203,"date":"2024-11-11T18:27:50","date_gmt":"2024-11-11T18:27:50","guid":{"rendered":"https:\/\/rakijanje.rs\/?post_type=product&#038;p=6203"},"modified":"2026-02-10T10:03:09","modified_gmt":"2026-02-10T10:03:09","slug":"ekskluzivna-poklon-kutija","status":"publish","type":"product","link":"https:\/\/rakijanje.rs\/en\/product\/ekskluzivna-poklon-kutija\/","title":{"rendered":"Ekskluzivna poklon kutija"},"content":{"rendered":"","protected":false},"excerpt":{"rendered":"<p>Ponekad re\u010di nisu dovoljne da izraze iskrenu zahvalnost<\/p>\n<p>Poklon koji svaki va\u0161 partner mo\u017ee osetiti i pamtiti<\/p>\n<p>Ovim darom govorite vi\u0161e od re\u010di kroz prefinjeni, ekskluzivni dizajn<\/p>\n<p>Za porud\u017ebine manje od jednog paketa (manje od 6 boca), tro\u0161ak dostave snosi kupac.<br \/>\nCena po\u0161tarine iznosi 770 RSD ili 980 RSD u zavisnosti od te\u017eine paketa po zvani\u010dnom cenovniku kurirske slu\u017ebe AKS.<br \/>\nZa porud\u017ebine koje obuhvataju jedan paket (6 boca) ili vi\u0161e, tro\u0161ak dostave snosi na\u0161a destilerija.<\/p>","protected":false},"featured_media":6216,"comment_status":"open","ping_status":"closed","template":"","meta":[],"product_brand":[],"product_cat":[19],"product_tag":[],"class_list":{"0":"post-6203","1":"product","2":"type-product","3":"status-publish","4":"has-post-thumbnail","6":"product_cat-19perwer","8":"first","9":"instock","10":"taxable","11":"shipping-taxable","12":"purchasable","13":"product-type-simple"},"yoast_head":"<!-- This site is optimized with the Yoast SEO plugin v21.9.1 - https:\/\/yoast.com\/wordpress\/plugins\/seo\/ -->\n<title>Ekskluzivna poklon kutija | Za du\u0161u i prijatelje<\/title>\n<meta name=\"robots\" content=\"index, follow, max-snippet:-1, max-image-preview:large, max-video-preview:-1\" \/>\n<link rel=\"canonical\" href=\"https:\/\/rakijanje.rs\/en\/product\/ekskluzivna-poklon-kutija\/\" \/>\n<meta property=\"og:locale\" content=\"en_US\" \/>\n<meta property=\"og:type\" content=\"article\" \/>\n<meta property=\"og:title\" content=\"Ekskluzivna poklon kutija | Za du\u0161u i prijatelje\" \/>\n<meta property=\"og:description\" content=\"Ponekad re\u010di nisu dovoljne da izraze iskrenu zahvalnost  Poklon koji svaki va\u0161 partner mo\u017ee osetiti i pamtiti  Ovim darom govorite vi\u0161e od re\u010di kroz prefinjeni, ekskluzivni dizajn  Za porud\u017ebine manje od jednog paketa (manje od 6 boca), tro\u0161ak dostave snosi kupac. Cena po\u0161tarine iznosi 770 RSD ili 980 RSD u zavisnosti od te\u017eine paketa po zvani\u010dnom cenovniku kurirske slu\u017ebe AKS. Za porud\u017ebine koje obuhvataju jedan paket (6 boca) ili vi\u0161e, tro\u0161ak dostave snosi na\u0161a destilerija.\" \/>\n<meta property=\"og:url\" content=\"https:\/\/rakijanje.rs\/en\/product\/ekskluzivna-poklon-kutija\/\" \/>\n<meta property=\"og:site_name\" content=\"Za du\u0161u i prijatelje\" \/>\n<meta property=\"article:publisher\" content=\"https:\/\/www.facebook.com\/profile.php?id=61553035311992\" \/>\n<meta property=\"article:modified_time\" content=\"2026-02-10T10:03:09+00:00\" \/>\n<meta property=\"og:image\" content=\"https:\/\/rakijanje.rs\/wp-content\/uploads\/2024\/11\/800x800.png\" \/>\n\t<meta property=\"og:image:width\" content=\"800\" \/>\n\t<meta property=\"og:image:height\" content=\"800\" \/>\n\t<meta property=\"og:image:type\" content=\"image\/png\" \/>\n<meta name=\"twitter:card\" content=\"summary_large_image\" \/>\n<meta name=\"twitter:label1\" content=\"Est. reading time\" \/>\n\t<meta name=\"twitter:data1\" content=\"1 minute\" \/>\n<script type=\"application\/ld+json\" class=\"yoast-schema-graph\">{\"@context\":\"https:\/\/schema.org\",\"@graph\":[{\"@type\":\"WebPage\",\"@id\":\"https:\/\/rakijanje.rs\/product\/ekskluzivna-poklon-kutija\/\",\"url\":\"https:\/\/rakijanje.rs\/product\/ekskluzivna-poklon-kutija\/\",\"name\":\"Ekskluzivna poklon kutija | Za du\u0161u i prijatelje\",\"isPartOf\":{\"@id\":\"https:\/\/rakijanje.rs\/#website\"},\"datePublished\":\"2024-11-11T18:27:50+00:00\",\"dateModified\":\"2026-02-10T10:03:09+00:00\",\"breadcrumb\":{\"@id\":\"https:\/\/rakijanje.rs\/product\/ekskluzivna-poklon-kutija\/#breadcrumb\"},\"inLanguage\":\"en-US\",\"potentialAction\":[{\"@type\":\"ReadAction\",\"target\":[\"https:\/\/rakijanje.rs\/product\/ekskluzivna-poklon-kutija\/\"]}]},{\"@type\":\"BreadcrumbList\",\"@id\":\"https:\/\/rakijanje.rs\/product\/ekskluzivna-poklon-kutija\/#breadcrumb\",\"itemListElement\":[{\"@type\":\"ListItem\",\"position\":1,\"name\":\"Home\",\"item\":\"https:\/\/rakijanje.rs\/\"},{\"@type\":\"ListItem\",\"position\":2,\"name\":\"rakija\",\"item\":\"https:\/\/rakijanje.rs\/rakija\/\"},{\"@type\":\"ListItem\",\"position\":3,\"name\":\"Ekskluzivna poklon kutija\"}]},{\"@type\":\"WebSite\",\"@id\":\"https:\/\/rakijanje.rs\/#website\",\"url\":\"https:\/\/rakijanje.rs\/\",\"name\":\"Za du\u0161u i prijatelje\",\"description\":\"\",\"publisher\":{\"@id\":\"https:\/\/rakijanje.rs\/#organization\"},\"potentialAction\":[{\"@type\":\"SearchAction\",\"target\":{\"@type\":\"EntryPoint\",\"urlTemplate\":\"https:\/\/rakijanje.rs\/?s={search_term_string}\"},\"query-input\":\"required name=search_term_string\"}],\"inLanguage\":\"en-US\"},{\"@type\":\"Organization\",\"@id\":\"https:\/\/rakijanje.rs\/#organization\",\"name\":\"Za du\u0161u i prijatelje\",\"url\":\"https:\/\/rakijanje.rs\/\",\"logo\":{\"@type\":\"ImageObject\",\"inLanguage\":\"en-US\",\"@id\":\"https:\/\/rakijanje.rs\/#\/schema\/logo\/image\/\",\"url\":\"https:\/\/rakijanje.rs\/wp-content\/uploads\/2023\/04\/cropped-cropped-PNG-LOGO-JR-veci-e1682503715563.png\",\"contentUrl\":\"https:\/\/rakijanje.rs\/wp-content\/uploads\/2023\/04\/cropped-cropped-PNG-LOGO-JR-veci-e1682503715563.png\",\"width\":512,\"height\":512,\"caption\":\"Za du\u0161u i prijatelje\"},\"image\":{\"@id\":\"https:\/\/rakijanje.rs\/#\/schema\/logo\/image\/\"},\"sameAs\":[\"https:\/\/www.facebook.com\/profile.php?id=61553035311992\",\"https:\/\/www.instagram.com\/za_dusu_i_prijatelje\/\"]}]}<\/script>\n<!-- \/ Yoast SEO plugin. -->","yoast_head_json":{"title":"Ekskluzivna poklon kutija | Za du\u0161u i prijatelje","robots":{"index":"index","follow":"follow","max-snippet":"max-snippet:-1","max-image-preview":"max-image-preview:large","max-video-preview":"max-video-preview:-1"},"canonical":"https:\/\/rakijanje.rs\/en\/product\/ekskluzivna-poklon-kutija\/","og_locale":"en_US","og_type":"article","og_title":"Ekskluzivna poklon kutija | Za du\u0161u i prijatelje","og_description":"Ponekad re\u010di nisu dovoljne da izraze iskrenu zahvalnost  Poklon koji svaki va\u0161 partner mo\u017ee osetiti i pamtiti  Ovim darom govorite vi\u0161e od re\u010di kroz prefinjeni, ekskluzivni dizajn  Za porud\u017ebine manje od jednog paketa (manje od 6 boca), tro\u0161ak dostave snosi kupac. Cena po\u0161tarine iznosi 770 RSD ili 980 RSD u zavisnosti od te\u017eine paketa po zvani\u010dnom cenovniku kurirske slu\u017ebe AKS. Za porud\u017ebine koje obuhvataju jedan paket (6 boca) ili vi\u0161e, tro\u0161ak dostave snosi na\u0161a destilerija.","og_url":"https:\/\/rakijanje.rs\/en\/product\/ekskluzivna-poklon-kutija\/","og_site_name":"Za du\u0161u i prijatelje","article_publisher":"https:\/\/www.facebook.com\/profile.php?id=61553035311992","article_modified_time":"2026-02-10T10:03:09+00:00","og_image":[{"width":800,"height":800,"url":"https:\/\/rakijanje.rs\/wp-content\/uploads\/2024\/11\/800x800.png","type":"image\/png"}],"twitter_card":"summary_large_image","twitter_misc":{"Est. reading time":"1 minute"},"schema":{"@context":"https:\/\/schema.org","@graph":[{"@type":"WebPage","@id":"https:\/\/rakijanje.rs\/product\/ekskluzivna-poklon-kutija\/","url":"https:\/\/rakijanje.rs\/product\/ekskluzivna-poklon-kutija\/","name":"Ekskluzivna poklon kutija | Za du\u0161u i prijatelje","isPartOf":{"@id":"https:\/\/rakijanje.rs\/#website"},"datePublished":"2024-11-11T18:27:50+00:00","dateModified":"2026-02-10T10:03:09+00:00","breadcrumb":{"@id":"https:\/\/rakijanje.rs\/product\/ekskluzivna-poklon-kutija\/#breadcrumb"},"inLanguage":"en-US","potentialAction":[{"@type":"ReadAction","target":["https:\/\/rakijanje.rs\/product\/ekskluzivna-poklon-kutija\/"]}]},{"@type":"BreadcrumbList","@id":"https:\/\/rakijanje.rs\/product\/ekskluzivna-poklon-kutija\/#breadcrumb","itemListElement":[{"@type":"ListItem","position":1,"name":"Home","item":"https:\/\/rakijanje.rs\/"},{"@type":"ListItem","position":2,"name":"rakija","item":"https:\/\/rakijanje.rs\/rakija\/"},{"@type":"ListItem","position":3,"name":"Ekskluzivna poklon kutija"}]},{"@type":"WebSite","@id":"https:\/\/rakijanje.rs\/#website","url":"https:\/\/rakijanje.rs\/","name":"Za du\u0161u i prijatelje","description":"","publisher":{"@id":"https:\/\/rakijanje.rs\/#organization"},"potentialAction":[{"@type":"SearchAction","target":{"@type":"EntryPoint","urlTemplate":"https:\/\/rakijanje.rs\/?s={search_term_string}"},"query-input":"required name=search_term_string"}],"inLanguage":"en-US"},{"@type":"Organization","@id":"https:\/\/rakijanje.rs\/#organization","name":"Za du\u0161u i prijatelje","url":"https:\/\/rakijanje.rs\/","logo":{"@type":"ImageObject","inLanguage":"en-US","@id":"https:\/\/rakijanje.rs\/#\/schema\/logo\/image\/","url":"https:\/\/rakijanje.rs\/wp-content\/uploads\/2023\/04\/cropped-cropped-PNG-LOGO-JR-veci-e1682503715563.png","contentUrl":"https:\/\/rakijanje.rs\/wp-content\/uploads\/2023\/04\/cropped-cropped-PNG-LOGO-JR-veci-e1682503715563.png","width":512,"height":512,"caption":"Za du\u0161u i prijatelje"},"image":{"@id":"https:\/\/rakijanje.rs\/#\/schema\/logo\/image\/"},"sameAs":["https:\/\/www.facebook.com\/profile.php?id=61553035311992","https:\/\/www.instagram.com\/za_dusu_i_prijatelje\/"]}]}},"jetpack_sharing_enabled":true,"_links":{"self":[{"href":"https:\/\/rakijanje.rs\/en\/wp-json\/wp\/v2\/product\/6203","targetHints":{"allow":["GET"]}}],"collection":[{"href":"https:\/\/rakijanje.rs\/en\/wp-json\/wp\/v2\/product"}],"about":[{"href":"https:\/\/rakijanje.rs\/en\/wp-json\/wp\/v2\/types\/product"}],"replies":[{"embeddable":true,"href":"https:\/\/rakijanje.rs\/en\/wp-json\/wp\/v2\/comments?post=6203"}],"wp:featuredmedia":[{"embeddable":true,"href":"https:\/\/rakijanje.rs\/en\/wp-json\/wp\/v2\/media\/6216"}],"wp:attachment":[{"href":"https:\/\/rakijanje.rs\/en\/wp-json\/wp\/v2\/media?parent=6203"}],"wp:term":[{"taxonomy":"product_brand","embeddable":true,"href":"https:\/\/rakijanje.rs\/en\/wp-json\/wp\/v2\/product_brand?post=6203"},{"taxonomy":"product_cat","embeddable":true,"href":"https:\/\/rakijanje.rs\/en\/wp-json\/wp\/v2\/product_cat?post=6203"},{"taxonomy":"product_tag","embeddable":true,"href":"https:\/\/rakijanje.rs\/en\/wp-json\/wp\/v2\/product_tag?post=6203"}],"curies":[{"name":"wp","href":"https:\/\/api.w.org\/{rel}","templated":true}]}}