{"id":5471,"date":"2020-06-30T12:37:12","date_gmt":"2020-06-30T12:37:12","guid":{"rendered":"https:\/\/singlemalt.qodeinteractive.com\/?post_type=product&#038;p=76"},"modified":"2026-02-10T09:53:50","modified_gmt":"2026-02-10T09:53:50","slug":"rakija-od-kajsije","status":"publish","type":"product","link":"https:\/\/rakijanje.rs\/en\/product\/rakija-od-kajsije\/","title":{"rendered":"Rakija od Kajsije"},"content":{"rendered":"","protected":false},"excerpt":{"rendered":"<p>Kad je re\u010d o kajsijama, prvo \u0161to ti padne na pamet je ukusni d\u017eem koji se pravi od njih.<\/p>\n<p>Ali \u0161ta ako ti ka\u017eem da postoji jo\u0161 jedan na\u010din da u\u017eiva\u0161 u njihovom bogatom ukusu i mirisu? Upravo je to slu\u010daj s ovom rakijom! Ova \u010dudesna rakija stvara se iz pa\u017eljivo odabranih kajsija koje se bri\u017eno beru i destili\u0161u kako bi se stvorila jedinstvena i rakija bogata ukusom. I kad je proba\u0161, nema sumnje da \u0107e rakija od kajsije biti i tvoj prioritet u odnosu na d\u017eem.<\/p>\n<p>Njen slatki i blagi ukus pru\u017ea neodoljivo iskustvo koje \u0107e odu\u0161eviti tvoje nepce.<\/p>\n<p>I dok u\u017eiva\u0161 u ovoj \u010darobnoj rakiji, razmisli o kajsijama koje se nisu pretvorile u d\u017eem, ve\u0107 su se usudile da postanu ne\u0161to jo\u0161 posebnije &#8211; savr\u0161eno pi\u0107e koje \u0107e\u0161 uvek \u017eeleti imati pri ruci.<\/p>\n<p>Za porud\u017ebine manje od jednog paketa (manje od 6 boca), tro\u0161ak dostave snosi kupac.<br \/>\nCena po\u0161tarine iznosi 770 RSD ili 980 RSD u zavisnosti od te\u017eine paketa po zvani\u010dnom cenovniku kurirske slu\u017ebe AKS.<br \/>\nZa porud\u017ebine koje obuhvataju jedan paket (6 boca) ili vi\u0161e, tro\u0161ak dostave snosi na\u0161a destilerija.<\/p>","protected":false},"featured_media":6054,"comment_status":"open","ping_status":"closed","template":"","meta":[],"product_brand":[],"product_cat":[19],"product_tag":[],"class_list":{"0":"post-5471","1":"product","2":"type-product","3":"status-publish","4":"has-post-thumbnail","6":"product_cat-19perwer","8":"first","9":"instock","10":"taxable","11":"shipping-taxable","12":"purchasable","13":"product-type-simple"},"yoast_head":"<!-- This site is optimized with the Yoast SEO plugin v21.9.1 - https:\/\/yoast.com\/wordpress\/plugins\/seo\/ -->\n<title>Rakija od Kajsije | Za du\u0161u i prijatelje<\/title>\n<meta name=\"robots\" content=\"index, follow, max-snippet:-1, max-image-preview:large, max-video-preview:-1\" \/>\n<link rel=\"canonical\" href=\"https:\/\/rakijanje.rs\/en\/product\/rakija-od-kajsije\/\" \/>\n<meta property=\"og:locale\" content=\"en_US\" \/>\n<meta property=\"og:type\" content=\"article\" \/>\n<meta property=\"og:title\" content=\"Rakija od Kajsije | Za du\u0161u i prijatelje\" \/>\n<meta property=\"og:description\" content=\"Kad je re\u010d o kajsijama, prvo \u0161to ti padne na pamet je ukusni d\u017eem koji se pravi od njih.  Ali \u0161ta ako ti ka\u017eem da postoji jo\u0161 jedan na\u010din da u\u017eiva\u0161 u njihovom bogatom ukusu i mirisu? Upravo je to slu\u010daj s ovom rakijom! Ova \u010dudesna rakija stvara se iz pa\u017eljivo odabranih kajsija koje se bri\u017eno beru i destili\u0161u kako bi se stvorila jedinstvena i rakija bogata ukusom. I kad je proba\u0161, nema sumnje da \u0107e rakija od kajsije biti i tvoj prioritet u odnosu na d\u017eem.  Njen slatki i blagi ukus pru\u017ea neodoljivo iskustvo koje \u0107e odu\u0161eviti tvoje nepce.  I dok u\u017eiva\u0161 u ovoj \u010darobnoj rakiji, razmisli o kajsijama koje se nisu pretvorile u d\u017eem, ve\u0107 su se usudile da postanu ne\u0161to jo\u0161 posebnije - savr\u0161eno pi\u0107e koje \u0107e\u0161 uvek \u017eeleti imati pri ruci.  Za porud\u017ebine manje od jednog paketa (manje od 6 boca), tro\u0161ak dostave snosi kupac. Cena po\u0161tarine iznosi 770 RSD ili 980 RSD u zavisnosti od te\u017eine paketa po zvani\u010dnom cenovniku kurirske slu\u017ebe AKS. Za porud\u017ebine koje obuhvataju jedan paket (6 boca) ili vi\u0161e, tro\u0161ak dostave snosi na\u0161a destilerija.\" \/>\n<meta property=\"og:url\" content=\"https:\/\/rakijanje.rs\/en\/product\/rakija-od-kajsije\/\" \/>\n<meta property=\"og:site_name\" content=\"Za du\u0161u i prijatelje\" \/>\n<meta property=\"article:publisher\" content=\"https:\/\/www.facebook.com\/profile.php?id=61553035311992\" \/>\n<meta property=\"article:modified_time\" content=\"2026-02-10T09:53:50+00:00\" \/>\n<meta property=\"og:image\" content=\"https:\/\/rakijanje.rs\/wp-content\/uploads\/2020\/06\/3.png\" \/>\n\t<meta property=\"og:image:width\" content=\"800\" \/>\n\t<meta property=\"og:image:height\" content=\"800\" \/>\n\t<meta property=\"og:image:type\" content=\"image\/png\" \/>\n<meta name=\"twitter:card\" content=\"summary_large_image\" \/>\n<meta name=\"twitter:label1\" content=\"Est. reading time\" \/>\n\t<meta name=\"twitter:data1\" content=\"1 minute\" \/>\n<script type=\"application\/ld+json\" class=\"yoast-schema-graph\">{\"@context\":\"https:\/\/schema.org\",\"@graph\":[{\"@type\":\"WebPage\",\"@id\":\"https:\/\/rakijanje.rs\/product\/rakija-od-kajsije\/\",\"url\":\"https:\/\/rakijanje.rs\/product\/rakija-od-kajsije\/\",\"name\":\"Rakija od Kajsije | Za du\u0161u i prijatelje\",\"isPartOf\":{\"@id\":\"https:\/\/rakijanje.rs\/#website\"},\"datePublished\":\"2020-06-30T12:37:12+00:00\",\"dateModified\":\"2026-02-10T09:53:50+00:00\",\"breadcrumb\":{\"@id\":\"https:\/\/rakijanje.rs\/product\/rakija-od-kajsije\/#breadcrumb\"},\"inLanguage\":\"en-US\",\"potentialAction\":[{\"@type\":\"ReadAction\",\"target\":[\"https:\/\/rakijanje.rs\/product\/rakija-od-kajsije\/\"]}]},{\"@type\":\"BreadcrumbList\",\"@id\":\"https:\/\/rakijanje.rs\/product\/rakija-od-kajsije\/#breadcrumb\",\"itemListElement\":[{\"@type\":\"ListItem\",\"position\":1,\"name\":\"Home\",\"item\":\"https:\/\/rakijanje.rs\/\"},{\"@type\":\"ListItem\",\"position\":2,\"name\":\"rakija\",\"item\":\"https:\/\/rakijanje.rs\/rakija\/\"},{\"@type\":\"ListItem\",\"position\":3,\"name\":\"Rakija od Kajsije\"}]},{\"@type\":\"WebSite\",\"@id\":\"https:\/\/rakijanje.rs\/#website\",\"url\":\"https:\/\/rakijanje.rs\/\",\"name\":\"Za du\u0161u i prijatelje\",\"description\":\"\",\"publisher\":{\"@id\":\"https:\/\/rakijanje.rs\/#organization\"},\"potentialAction\":[{\"@type\":\"SearchAction\",\"target\":{\"@type\":\"EntryPoint\",\"urlTemplate\":\"https:\/\/rakijanje.rs\/?s={search_term_string}\"},\"query-input\":\"required name=search_term_string\"}],\"inLanguage\":\"en-US\"},{\"@type\":\"Organization\",\"@id\":\"https:\/\/rakijanje.rs\/#organization\",\"name\":\"Za du\u0161u i prijatelje\",\"url\":\"https:\/\/rakijanje.rs\/\",\"logo\":{\"@type\":\"ImageObject\",\"inLanguage\":\"en-US\",\"@id\":\"https:\/\/rakijanje.rs\/#\/schema\/logo\/image\/\",\"url\":\"https:\/\/rakijanje.rs\/wp-content\/uploads\/2023\/04\/cropped-cropped-PNG-LOGO-JR-veci-e1682503715563.png\",\"contentUrl\":\"https:\/\/rakijanje.rs\/wp-content\/uploads\/2023\/04\/cropped-cropped-PNG-LOGO-JR-veci-e1682503715563.png\",\"width\":512,\"height\":512,\"caption\":\"Za du\u0161u i prijatelje\"},\"image\":{\"@id\":\"https:\/\/rakijanje.rs\/#\/schema\/logo\/image\/\"},\"sameAs\":[\"https:\/\/www.facebook.com\/profile.php?id=61553035311992\",\"https:\/\/www.instagram.com\/za_dusu_i_prijatelje\/\"]}]}<\/script>\n<!-- \/ Yoast SEO plugin. -->","yoast_head_json":{"title":"Rakija od Kajsije | Za du\u0161u i prijatelje","robots":{"index":"index","follow":"follow","max-snippet":"max-snippet:-1","max-image-preview":"max-image-preview:large","max-video-preview":"max-video-preview:-1"},"canonical":"https:\/\/rakijanje.rs\/en\/product\/rakija-od-kajsije\/","og_locale":"en_US","og_type":"article","og_title":"Rakija od Kajsije | Za du\u0161u i prijatelje","og_description":"Kad je re\u010d o kajsijama, prvo \u0161to ti padne na pamet je ukusni d\u017eem koji se pravi od njih.  Ali \u0161ta ako ti ka\u017eem da postoji jo\u0161 jedan na\u010din da u\u017eiva\u0161 u njihovom bogatom ukusu i mirisu? Upravo je to slu\u010daj s ovom rakijom! Ova \u010dudesna rakija stvara se iz pa\u017eljivo odabranih kajsija koje se bri\u017eno beru i destili\u0161u kako bi se stvorila jedinstvena i rakija bogata ukusom. I kad je proba\u0161, nema sumnje da \u0107e rakija od kajsije biti i tvoj prioritet u odnosu na d\u017eem.  Njen slatki i blagi ukus pru\u017ea neodoljivo iskustvo koje \u0107e odu\u0161eviti tvoje nepce.  I dok u\u017eiva\u0161 u ovoj \u010darobnoj rakiji, razmisli o kajsijama koje se nisu pretvorile u d\u017eem, ve\u0107 su se usudile da postanu ne\u0161to jo\u0161 posebnije - savr\u0161eno pi\u0107e koje \u0107e\u0161 uvek \u017eeleti imati pri ruci.  Za porud\u017ebine manje od jednog paketa (manje od 6 boca), tro\u0161ak dostave snosi kupac. Cena po\u0161tarine iznosi 770 RSD ili 980 RSD u zavisnosti od te\u017eine paketa po zvani\u010dnom cenovniku kurirske slu\u017ebe AKS. Za porud\u017ebine koje obuhvataju jedan paket (6 boca) ili vi\u0161e, tro\u0161ak dostave snosi na\u0161a destilerija.","og_url":"https:\/\/rakijanje.rs\/en\/product\/rakija-od-kajsije\/","og_site_name":"Za du\u0161u i prijatelje","article_publisher":"https:\/\/www.facebook.com\/profile.php?id=61553035311992","article_modified_time":"2026-02-10T09:53:50+00:00","og_image":[{"width":800,"height":800,"url":"https:\/\/rakijanje.rs\/wp-content\/uploads\/2020\/06\/3.png","type":"image\/png"}],"twitter_card":"summary_large_image","twitter_misc":{"Est. reading time":"1 minute"},"schema":{"@context":"https:\/\/schema.org","@graph":[{"@type":"WebPage","@id":"https:\/\/rakijanje.rs\/product\/rakija-od-kajsije\/","url":"https:\/\/rakijanje.rs\/product\/rakija-od-kajsije\/","name":"Rakija od Kajsije | Za du\u0161u i prijatelje","isPartOf":{"@id":"https:\/\/rakijanje.rs\/#website"},"datePublished":"2020-06-30T12:37:12+00:00","dateModified":"2026-02-10T09:53:50+00:00","breadcrumb":{"@id":"https:\/\/rakijanje.rs\/product\/rakija-od-kajsije\/#breadcrumb"},"inLanguage":"en-US","potentialAction":[{"@type":"ReadAction","target":["https:\/\/rakijanje.rs\/product\/rakija-od-kajsije\/"]}]},{"@type":"BreadcrumbList","@id":"https:\/\/rakijanje.rs\/product\/rakija-od-kajsije\/#breadcrumb","itemListElement":[{"@type":"ListItem","position":1,"name":"Home","item":"https:\/\/rakijanje.rs\/"},{"@type":"ListItem","position":2,"name":"rakija","item":"https:\/\/rakijanje.rs\/rakija\/"},{"@type":"ListItem","position":3,"name":"Rakija od Kajsije"}]},{"@type":"WebSite","@id":"https:\/\/rakijanje.rs\/#website","url":"https:\/\/rakijanje.rs\/","name":"Za du\u0161u i prijatelje","description":"","publisher":{"@id":"https:\/\/rakijanje.rs\/#organization"},"potentialAction":[{"@type":"SearchAction","target":{"@type":"EntryPoint","urlTemplate":"https:\/\/rakijanje.rs\/?s={search_term_string}"},"query-input":"required name=search_term_string"}],"inLanguage":"en-US"},{"@type":"Organization","@id":"https:\/\/rakijanje.rs\/#organization","name":"Za du\u0161u i prijatelje","url":"https:\/\/rakijanje.rs\/","logo":{"@type":"ImageObject","inLanguage":"en-US","@id":"https:\/\/rakijanje.rs\/#\/schema\/logo\/image\/","url":"https:\/\/rakijanje.rs\/wp-content\/uploads\/2023\/04\/cropped-cropped-PNG-LOGO-JR-veci-e1682503715563.png","contentUrl":"https:\/\/rakijanje.rs\/wp-content\/uploads\/2023\/04\/cropped-cropped-PNG-LOGO-JR-veci-e1682503715563.png","width":512,"height":512,"caption":"Za du\u0161u i prijatelje"},"image":{"@id":"https:\/\/rakijanje.rs\/#\/schema\/logo\/image\/"},"sameAs":["https:\/\/www.facebook.com\/profile.php?id=61553035311992","https:\/\/www.instagram.com\/za_dusu_i_prijatelje\/"]}]}},"jetpack_sharing_enabled":true,"_links":{"self":[{"href":"https:\/\/rakijanje.rs\/en\/wp-json\/wp\/v2\/product\/5471","targetHints":{"allow":["GET"]}}],"collection":[{"href":"https:\/\/rakijanje.rs\/en\/wp-json\/wp\/v2\/product"}],"about":[{"href":"https:\/\/rakijanje.rs\/en\/wp-json\/wp\/v2\/types\/product"}],"replies":[{"embeddable":true,"href":"https:\/\/rakijanje.rs\/en\/wp-json\/wp\/v2\/comments?post=5471"}],"wp:featuredmedia":[{"embeddable":true,"href":"https:\/\/rakijanje.rs\/en\/wp-json\/wp\/v2\/media\/6054"}],"wp:attachment":[{"href":"https:\/\/rakijanje.rs\/en\/wp-json\/wp\/v2\/media?parent=5471"}],"wp:term":[{"taxonomy":"product_brand","embeddable":true,"href":"https:\/\/rakijanje.rs\/en\/wp-json\/wp\/v2\/product_brand?post=5471"},{"taxonomy":"product_cat","embeddable":true,"href":"https:\/\/rakijanje.rs\/en\/wp-json\/wp\/v2\/product_cat?post=5471"},{"taxonomy":"product_tag","embeddable":true,"href":"https:\/\/rakijanje.rs\/en\/wp-json\/wp\/v2\/product_tag?post=5471"}],"curies":[{"name":"wp","href":"https:\/\/api.w.org\/{rel}","templated":true}]}}