{"id":167,"date":"2020-07-01T09:53:09","date_gmt":"2020-07-01T09:53:09","guid":{"rendered":"https:\/\/singlemalt.qodeinteractive.com\/?post_type=product&#038;p=167"},"modified":"2026-02-10T09:53:22","modified_gmt":"2026-02-10T09:53:22","slug":"kruska-viljamovka","status":"publish","type":"product","link":"https:\/\/rakijanje.rs\/en\/product\/kruska-viljamovka\/","title":{"rendered":"Rakija od Kru\u0161ke Viljamovke"},"content":{"rendered":"","protected":false},"excerpt":{"rendered":"<p>Zamisli samo, rakiju od kru\u0161ke, s mirisom koji oduzima dah, stvorenu iz plodova sa posebnog mesta. To mesto je ispred stare ku\u0107e, pod debelim granama dedinog stabla kru\u0161ke.<\/p>\n<p>Ova rakija nosi sa sobom pri\u010du o porodi\u010dnoj ba\u0161tini, a svaki gutljaj te vodi natrag u vreme kada su stariji u porodici sakupljali plodove s ovog stabla i pretvarali ih u teku\u0107e zlato.<\/p>\n<p>Sada se ta ista tradicija prenosi na tebe, i svaki gutljaj rakije od kru\u0161ke vra\u0107a te na to mesto, gde se ose\u0107ate kao kod ku\u0107e.<\/p>\n<p>Tako da podignite \u010da\u0161e, nazdravite s onima koje volite i u\u017eivajte u ukusu i mirisu koji vas vra\u0107a u pro\u0161lost i pri\u010du o va\u0161oj porodici!<\/p>\n<p>Za porud\u017ebine manje od jednog paketa (manje od 6 boca), tro\u0161ak dostave snosi kupac.<br \/>\nCena po\u0161tarine iznosi 770 RSD ili 980 RSD u zavisnosti od te\u017eine paketa po zvani\u010dnom cenovniku kurirske slu\u017ebe AKS.<br \/>\nZa porud\u017ebine koje obuhvataju jedan paket (6 boca) ili vi\u0161e, tro\u0161ak dostave snosi na\u0161a destilerija.<\/p>","protected":false},"featured_media":6055,"comment_status":"open","ping_status":"closed","template":"","meta":[],"product_brand":[],"product_cat":[19],"product_tag":[],"class_list":{"0":"post-167","1":"product","2":"type-product","3":"status-publish","4":"has-post-thumbnail","6":"product_cat-19perwer","8":"first","9":"instock","10":"taxable","11":"shipping-taxable","12":"purchasable","13":"product-type-simple"},"yoast_head":"<!-- This site is optimized with the Yoast SEO plugin v21.9.1 - https:\/\/yoast.com\/wordpress\/plugins\/seo\/ -->\n<title>Rakija od Kru\u0161ke Viljamovke | Za du\u0161u i prijatelje<\/title>\n<meta name=\"robots\" content=\"index, follow, max-snippet:-1, max-image-preview:large, max-video-preview:-1\" \/>\n<link rel=\"canonical\" href=\"https:\/\/rakijanje.rs\/en\/product\/kruska-viljamovka\/\" \/>\n<meta property=\"og:locale\" content=\"en_US\" \/>\n<meta property=\"og:type\" content=\"article\" \/>\n<meta property=\"og:title\" content=\"Rakija od Kru\u0161ke Viljamovke | Za du\u0161u i prijatelje\" \/>\n<meta property=\"og:description\" content=\"Zamisli samo, rakiju od kru\u0161ke, s mirisom koji oduzima dah, stvorenu iz plodova sa posebnog mesta. To mesto je ispred stare ku\u0107e, pod debelim granama dedinog stabla kru\u0161ke.  Ova rakija nosi sa sobom pri\u010du o porodi\u010dnoj ba\u0161tini, a svaki gutljaj te vodi natrag u vreme kada su stariji u porodici sakupljali plodove s ovog stabla i pretvarali ih u teku\u0107e zlato.  Sada se ta ista tradicija prenosi na tebe, i svaki gutljaj rakije od kru\u0161ke vra\u0107a te na to mesto, gde se ose\u0107ate kao kod ku\u0107e.  Tako da podignite \u010da\u0161e, nazdravite s onima koje volite i u\u017eivajte u ukusu i mirisu koji vas vra\u0107a u pro\u0161lost i pri\u010du o va\u0161oj porodici!  Za porud\u017ebine manje od jednog paketa (manje od 6 boca), tro\u0161ak dostave snosi kupac. Cena po\u0161tarine iznosi 770 RSD ili 980 RSD u zavisnosti od te\u017eine paketa po zvani\u010dnom cenovniku kurirske slu\u017ebe AKS. Za porud\u017ebine koje obuhvataju jedan paket (6 boca) ili vi\u0161e, tro\u0161ak dostave snosi na\u0161a destilerija.\" \/>\n<meta property=\"og:url\" content=\"https:\/\/rakijanje.rs\/en\/product\/kruska-viljamovka\/\" \/>\n<meta property=\"og:site_name\" content=\"Za du\u0161u i prijatelje\" \/>\n<meta property=\"article:publisher\" content=\"https:\/\/www.facebook.com\/profile.php?id=61553035311992\" \/>\n<meta property=\"article:modified_time\" content=\"2026-02-10T09:53:22+00:00\" \/>\n<meta property=\"og:image\" content=\"https:\/\/rakijanje.rs\/wp-content\/uploads\/2020\/07\/4.png\" \/>\n\t<meta property=\"og:image:width\" content=\"800\" \/>\n\t<meta property=\"og:image:height\" content=\"800\" \/>\n\t<meta property=\"og:image:type\" content=\"image\/png\" \/>\n<meta name=\"twitter:card\" content=\"summary_large_image\" \/>\n<meta name=\"twitter:label1\" content=\"Est. reading time\" \/>\n\t<meta name=\"twitter:data1\" content=\"1 minute\" \/>\n<script type=\"application\/ld+json\" class=\"yoast-schema-graph\">{\"@context\":\"https:\/\/schema.org\",\"@graph\":[{\"@type\":\"WebPage\",\"@id\":\"https:\/\/rakijanje.rs\/product\/kruska-viljamovka\/\",\"url\":\"https:\/\/rakijanje.rs\/product\/kruska-viljamovka\/\",\"name\":\"Rakija od Kru\u0161ke Viljamovke | Za du\u0161u i prijatelje\",\"isPartOf\":{\"@id\":\"https:\/\/rakijanje.rs\/#website\"},\"datePublished\":\"2020-07-01T09:53:09+00:00\",\"dateModified\":\"2026-02-10T09:53:22+00:00\",\"breadcrumb\":{\"@id\":\"https:\/\/rakijanje.rs\/product\/kruska-viljamovka\/#breadcrumb\"},\"inLanguage\":\"en-US\",\"potentialAction\":[{\"@type\":\"ReadAction\",\"target\":[\"https:\/\/rakijanje.rs\/product\/kruska-viljamovka\/\"]}]},{\"@type\":\"BreadcrumbList\",\"@id\":\"https:\/\/rakijanje.rs\/product\/kruska-viljamovka\/#breadcrumb\",\"itemListElement\":[{\"@type\":\"ListItem\",\"position\":1,\"name\":\"Home\",\"item\":\"https:\/\/rakijanje.rs\/\"},{\"@type\":\"ListItem\",\"position\":2,\"name\":\"rakija\",\"item\":\"https:\/\/rakijanje.rs\/rakija\/\"},{\"@type\":\"ListItem\",\"position\":3,\"name\":\"Rakija od Kru\u0161ke Viljamovke\"}]},{\"@type\":\"WebSite\",\"@id\":\"https:\/\/rakijanje.rs\/#website\",\"url\":\"https:\/\/rakijanje.rs\/\",\"name\":\"Za du\u0161u i prijatelje\",\"description\":\"\",\"publisher\":{\"@id\":\"https:\/\/rakijanje.rs\/#organization\"},\"potentialAction\":[{\"@type\":\"SearchAction\",\"target\":{\"@type\":\"EntryPoint\",\"urlTemplate\":\"https:\/\/rakijanje.rs\/?s={search_term_string}\"},\"query-input\":\"required name=search_term_string\"}],\"inLanguage\":\"en-US\"},{\"@type\":\"Organization\",\"@id\":\"https:\/\/rakijanje.rs\/#organization\",\"name\":\"Za du\u0161u i prijatelje\",\"url\":\"https:\/\/rakijanje.rs\/\",\"logo\":{\"@type\":\"ImageObject\",\"inLanguage\":\"en-US\",\"@id\":\"https:\/\/rakijanje.rs\/#\/schema\/logo\/image\/\",\"url\":\"https:\/\/rakijanje.rs\/wp-content\/uploads\/2023\/04\/cropped-cropped-PNG-LOGO-JR-veci-e1682503715563.png\",\"contentUrl\":\"https:\/\/rakijanje.rs\/wp-content\/uploads\/2023\/04\/cropped-cropped-PNG-LOGO-JR-veci-e1682503715563.png\",\"width\":512,\"height\":512,\"caption\":\"Za du\u0161u i prijatelje\"},\"image\":{\"@id\":\"https:\/\/rakijanje.rs\/#\/schema\/logo\/image\/\"},\"sameAs\":[\"https:\/\/www.facebook.com\/profile.php?id=61553035311992\",\"https:\/\/www.instagram.com\/za_dusu_i_prijatelje\/\"]}]}<\/script>\n<!-- \/ Yoast SEO plugin. -->","yoast_head_json":{"title":"Rakija od Kru\u0161ke Viljamovke | Za du\u0161u i prijatelje","robots":{"index":"index","follow":"follow","max-snippet":"max-snippet:-1","max-image-preview":"max-image-preview:large","max-video-preview":"max-video-preview:-1"},"canonical":"https:\/\/rakijanje.rs\/en\/product\/kruska-viljamovka\/","og_locale":"en_US","og_type":"article","og_title":"Rakija od Kru\u0161ke Viljamovke | Za du\u0161u i prijatelje","og_description":"Zamisli samo, rakiju od kru\u0161ke, s mirisom koji oduzima dah, stvorenu iz plodova sa posebnog mesta. To mesto je ispred stare ku\u0107e, pod debelim granama dedinog stabla kru\u0161ke.  Ova rakija nosi sa sobom pri\u010du o porodi\u010dnoj ba\u0161tini, a svaki gutljaj te vodi natrag u vreme kada su stariji u porodici sakupljali plodove s ovog stabla i pretvarali ih u teku\u0107e zlato.  Sada se ta ista tradicija prenosi na tebe, i svaki gutljaj rakije od kru\u0161ke vra\u0107a te na to mesto, gde se ose\u0107ate kao kod ku\u0107e.  Tako da podignite \u010da\u0161e, nazdravite s onima koje volite i u\u017eivajte u ukusu i mirisu koji vas vra\u0107a u pro\u0161lost i pri\u010du o va\u0161oj porodici!  Za porud\u017ebine manje od jednog paketa (manje od 6 boca), tro\u0161ak dostave snosi kupac. Cena po\u0161tarine iznosi 770 RSD ili 980 RSD u zavisnosti od te\u017eine paketa po zvani\u010dnom cenovniku kurirske slu\u017ebe AKS. Za porud\u017ebine koje obuhvataju jedan paket (6 boca) ili vi\u0161e, tro\u0161ak dostave snosi na\u0161a destilerija.","og_url":"https:\/\/rakijanje.rs\/en\/product\/kruska-viljamovka\/","og_site_name":"Za du\u0161u i prijatelje","article_publisher":"https:\/\/www.facebook.com\/profile.php?id=61553035311992","article_modified_time":"2026-02-10T09:53:22+00:00","og_image":[{"width":800,"height":800,"url":"https:\/\/rakijanje.rs\/wp-content\/uploads\/2020\/07\/4.png","type":"image\/png"}],"twitter_card":"summary_large_image","twitter_misc":{"Est. reading time":"1 minute"},"schema":{"@context":"https:\/\/schema.org","@graph":[{"@type":"WebPage","@id":"https:\/\/rakijanje.rs\/product\/kruska-viljamovka\/","url":"https:\/\/rakijanje.rs\/product\/kruska-viljamovka\/","name":"Rakija od Kru\u0161ke Viljamovke | Za du\u0161u i prijatelje","isPartOf":{"@id":"https:\/\/rakijanje.rs\/#website"},"datePublished":"2020-07-01T09:53:09+00:00","dateModified":"2026-02-10T09:53:22+00:00","breadcrumb":{"@id":"https:\/\/rakijanje.rs\/product\/kruska-viljamovka\/#breadcrumb"},"inLanguage":"en-US","potentialAction":[{"@type":"ReadAction","target":["https:\/\/rakijanje.rs\/product\/kruska-viljamovka\/"]}]},{"@type":"BreadcrumbList","@id":"https:\/\/rakijanje.rs\/product\/kruska-viljamovka\/#breadcrumb","itemListElement":[{"@type":"ListItem","position":1,"name":"Home","item":"https:\/\/rakijanje.rs\/"},{"@type":"ListItem","position":2,"name":"rakija","item":"https:\/\/rakijanje.rs\/rakija\/"},{"@type":"ListItem","position":3,"name":"Rakija od Kru\u0161ke Viljamovke"}]},{"@type":"WebSite","@id":"https:\/\/rakijanje.rs\/#website","url":"https:\/\/rakijanje.rs\/","name":"Za du\u0161u i prijatelje","description":"","publisher":{"@id":"https:\/\/rakijanje.rs\/#organization"},"potentialAction":[{"@type":"SearchAction","target":{"@type":"EntryPoint","urlTemplate":"https:\/\/rakijanje.rs\/?s={search_term_string}"},"query-input":"required name=search_term_string"}],"inLanguage":"en-US"},{"@type":"Organization","@id":"https:\/\/rakijanje.rs\/#organization","name":"Za du\u0161u i prijatelje","url":"https:\/\/rakijanje.rs\/","logo":{"@type":"ImageObject","inLanguage":"en-US","@id":"https:\/\/rakijanje.rs\/#\/schema\/logo\/image\/","url":"https:\/\/rakijanje.rs\/wp-content\/uploads\/2023\/04\/cropped-cropped-PNG-LOGO-JR-veci-e1682503715563.png","contentUrl":"https:\/\/rakijanje.rs\/wp-content\/uploads\/2023\/04\/cropped-cropped-PNG-LOGO-JR-veci-e1682503715563.png","width":512,"height":512,"caption":"Za du\u0161u i prijatelje"},"image":{"@id":"https:\/\/rakijanje.rs\/#\/schema\/logo\/image\/"},"sameAs":["https:\/\/www.facebook.com\/profile.php?id=61553035311992","https:\/\/www.instagram.com\/za_dusu_i_prijatelje\/"]}]}},"jetpack_sharing_enabled":true,"_links":{"self":[{"href":"https:\/\/rakijanje.rs\/en\/wp-json\/wp\/v2\/product\/167","targetHints":{"allow":["GET"]}}],"collection":[{"href":"https:\/\/rakijanje.rs\/en\/wp-json\/wp\/v2\/product"}],"about":[{"href":"https:\/\/rakijanje.rs\/en\/wp-json\/wp\/v2\/types\/product"}],"replies":[{"embeddable":true,"href":"https:\/\/rakijanje.rs\/en\/wp-json\/wp\/v2\/comments?post=167"}],"wp:featuredmedia":[{"embeddable":true,"href":"https:\/\/rakijanje.rs\/en\/wp-json\/wp\/v2\/media\/6055"}],"wp:attachment":[{"href":"https:\/\/rakijanje.rs\/en\/wp-json\/wp\/v2\/media?parent=167"}],"wp:term":[{"taxonomy":"product_brand","embeddable":true,"href":"https:\/\/rakijanje.rs\/en\/wp-json\/wp\/v2\/product_brand?post=167"},{"taxonomy":"product_cat","embeddable":true,"href":"https:\/\/rakijanje.rs\/en\/wp-json\/wp\/v2\/product_cat?post=167"},{"taxonomy":"product_tag","embeddable":true,"href":"https:\/\/rakijanje.rs\/en\/wp-json\/wp\/v2\/product_tag?post=167"}],"curies":[{"name":"wp","href":"https:\/\/api.w.org\/{rel}","templated":true}]}}