{"id":2218,"date":"2020-07-14T08:52:17","date_gmt":"2020-07-14T08:52:17","guid":{"rendered":"https:\/\/singlemalt.qodeinteractive.com\/?page_id=2218"},"modified":"2023-12-12T17:12:46","modified_gmt":"2023-12-12T17:12:46","slug":"kontakt","status":"publish","type":"page","link":"https:\/\/rakijanje.rs\/en\/kontakt\/","title":{"rendered":"Kontakt"},"content":{"rendered":"<div data-elementor-type=\"wp-page\" data-elementor-id=\"2218\" class=\"elementor elementor-2218\">\n\t\t\t\t\t\t\t\t\t<section class=\"qodef-row-frame elementor-section elementor-top-section elementor-element elementor-element-1144524 elementor-section-full_width qodef-elementor-content-grid elementor-section-height-default elementor-section-height-default\" data-id=\"1144524\" data-element_type=\"section\">\n\t\t\t\t\t\t<div class=\"elementor-container elementor-column-gap-default\">\n\t\t\t\t\t<div class=\"elementor-column elementor-col-100 elementor-top-column elementor-element elementor-element-c999468\" data-id=\"c999468\" data-element_type=\"column\">\n\t\t\t<div class=\"elementor-widget-wrap elementor-element-populated\">\n\t\t\t\t\t\t\t\t<section class=\"elementor-section elementor-inner-section elementor-element elementor-element-4e7cb32 elementor-section-full_width elementor-section-height-default elementor-section-height-default qodef-elementor-content-no\" data-id=\"4e7cb32\" data-element_type=\"section\">\n\t\t\t\t\t\t<div class=\"elementor-container elementor-column-gap-default\">\n\t\t\t\t\t<div class=\"elementor-column elementor-col-33 elementor-inner-column elementor-element elementor-element-849a420\" data-id=\"849a420\" data-element_type=\"column\">\n\t\t\t<div class=\"elementor-widget-wrap elementor-element-populated\">\n\t\t\t\t\t\t\t\t<div class=\"elementor-element elementor-element-a18e447 elementor-widget elementor-widget-text-editor\" data-id=\"a18e447\" data-element_type=\"widget\" data-widget_type=\"text-editor.default\">\n\t\t\t\t<div class=\"elementor-widget-container\">\n\t\t\t<style>\/*! elementor - v3.16.0 - 09-10-2023 *\/\n.elementor-widget-text-editor.elementor-drop-cap-view-stacked .elementor-drop-cap{background-color:#69727d;color:#fff}.elementor-widget-text-editor.elementor-drop-cap-view-framed .elementor-drop-cap{color:#69727d;border:3px solid;background-color:transparent}.elementor-widget-text-editor:not(.elementor-drop-cap-view-default) .elementor-drop-cap{margin-top:8px}.elementor-widget-text-editor:not(.elementor-drop-cap-view-default) .elementor-drop-cap-letter{width:1em;height:1em}.elementor-widget-text-editor .elementor-drop-cap{float:left;text-align:center;line-height:1;font-size:50px}.elementor-widget-text-editor .elementor-drop-cap-letter{display:inline-block}<\/style>\t\t\t\t\t\t\t\t\t\t<\/div>\n\t\t\t\t<\/div>\n\t\t\t\t<div class=\"elementor-element elementor-element-277350d elementor-widget elementor-widget-text-editor\" data-id=\"277350d\" data-element_type=\"widget\" data-widget_type=\"text-editor.default\">\n\t\t\t\t<div class=\"elementor-widget-container\">\n\t\t\t\t\t\t\t\t\t\t\t\t\t<\/div>\n\t\t\t\t<\/div>\n\t\t\t\t\t<\/div>\n\t\t<\/div>\n\t\t\t\t<div class=\"elementor-column elementor-col-33 elementor-inner-column elementor-element elementor-element-8082fbb\" data-id=\"8082fbb\" data-element_type=\"column\">\n\t\t\t<div class=\"elementor-widget-wrap elementor-element-populated\">\n\t\t\t\t\t\t\t\t<div class=\"elementor-element elementor-element-4ff0a9a elementor-widget elementor-widget-text-editor\" data-id=\"4ff0a9a\" data-element_type=\"widget\" data-widget_type=\"text-editor.default\">\n\t\t\t\t<div class=\"elementor-widget-container\">\n\t\t\t\t\t\t\t<h4 style=\"text-align: center;\">destilerija<br \/>za du\u0161u i prijatelje-jani\u0107 rakija<\/h4>\t\t\t\t\t\t<\/div>\n\t\t\t\t<\/div>\n\t\t\t\t<div class=\"elementor-element elementor-element-06c94ff elementor-widget elementor-widget-text-editor\" data-id=\"06c94ff\" data-element_type=\"widget\" data-widget_type=\"text-editor.default\">\n\t\t\t\t<div class=\"elementor-widget-container\">\n\t\t\t\t\t\t\t<p style=\"text-align: center;\"><span style=\"line-height: 29px;\"><a href=\"https:\/\/www.google.com\/maps\/place\/Za+du%C5%A1u+i+prijatelje+-+Jani%C4%87+rakija+DOO\/@44.8744394,20.4747226,17z\/data=!3m1!4b1!4m6!3m5!1s0x475a65693f804429:0xeff8069aad4ef1e7!8m2!3d44.8744356!4d20.4772975!16s%2Fg%2F11ssfh1j6z?entry=ttu\" target=\"_blank\" rel=\"noopener\">POPOVA BARA NOVA 206 9, 11211 BOR\u010cA, BEOGRAD\u00a0<\/a><br \/><a href=\"tel: 38169757997\">+38169757997<\/a>, <a href=\"tel: 38163410832\">+38163410832<\/a><br \/><a href=\"mailto:janic.rakija23@gmail.com\">janic.rakija23@gmail.com<\/a><\/span><\/p>\t\t\t\t\t\t<\/div>\n\t\t\t\t<\/div>\n\t\t\t\t\t<\/div>\n\t\t<\/div>\n\t\t\t\t<div class=\"elementor-column elementor-col-33 elementor-inner-column elementor-element elementor-element-2cd1a2e\" data-id=\"2cd1a2e\" data-element_type=\"column\">\n\t\t\t<div class=\"elementor-widget-wrap elementor-element-populated\">\n\t\t\t\t\t\t\t\t<div class=\"elementor-element elementor-element-1b0344e elementor-widget elementor-widget-text-editor\" data-id=\"1b0344e\" data-element_type=\"widget\" data-widget_type=\"text-editor.default\">\n\t\t\t\t<div class=\"elementor-widget-container\">\n\t\t\t\t\t\t\t\t\t\t\t\t\t<\/div>\n\t\t\t\t<\/div>\n\t\t\t\t<div class=\"elementor-element elementor-element-eec07b3 elementor-widget elementor-widget-text-editor\" data-id=\"eec07b3\" data-element_type=\"widget\" data-widget_type=\"text-editor.default\">\n\t\t\t\t<div class=\"elementor-widget-container\">\n\t\t\t\t\t\t\t\t\t\t\t\t\t<\/div>\n\t\t\t\t<\/div>\n\t\t\t\t\t<\/div>\n\t\t<\/div>\n\t\t\t\t\t\t\t<\/div>\n\t\t<\/section>\n\t\t\t\t<section class=\"elementor-section elementor-inner-section elementor-element elementor-element-7ba2358 elementor-section-full_width elementor-section-height-default elementor-section-height-default qodef-elementor-content-no\" data-id=\"7ba2358\" data-element_type=\"section\">\n\t\t\t\t\t\t<div class=\"elementor-container elementor-column-gap-default\">\n\t\t\t\t\t<div class=\"elementor-column elementor-col-50 elementor-inner-column elementor-element elementor-element-c151f7c\" data-id=\"c151f7c\" data-element_type=\"column\">\n\t\t\t<div class=\"elementor-widget-wrap elementor-element-populated\">\n\t\t\t\t\t\t\t\t<div class=\"elementor-element elementor-element-02bba57 elementor-widget elementor-widget-singlemalt_core_section_title\" data-id=\"02bba57\" data-element_type=\"widget\" data-widget_type=\"singlemalt_core_section_title.default\">\n\t\t\t\t<div class=\"elementor-widget-container\">\n\t\t\t<div class=\"qodef-shortcode qodef-m  qodef-section-title qodef-alignment--center  qodef-appear-animation\">\n        <span class=\"qodef-m-caption\" style=\"margin: 0px 0px 11px 0px\">\n                    <span class=\"qodef-caption-line qodef--left\" ><\/span>\n                Kontaktiraj nas                    <span class=\"qodef-caption-line qodef--right\" ><\/span>\n            <\/span>\n\t\t<h2 class=\"qodef-m-title\" style=\"color: #232323\">\n\t\t\t\t\tPopuni polja\t\t\t<\/h2>\n\t<\/div>\t\t<\/div>\n\t\t\t\t<\/div>\n\t\t\t\t<div class=\"elementor-element elementor-element-a8cd88d elementor-widget elementor-widget-wp-widget-singlemalt_core_contact_form_7\" data-id=\"a8cd88d\" data-element_type=\"widget\" data-widget_type=\"wp-widget-singlemalt_core_contact_form_7.default\">\n\t\t\t\t<div class=\"elementor-widget-container\">\n\t\t\t\t\t\t<div class=\"qodef-contact-form-7\">\n\t\t\t\t\n<div class=\"wpcf7 no-js\" id=\"wpcf7-f5472-o1\" lang=\"en-US\" dir=\"ltr\">\n<div class=\"screen-reader-response\"><p role=\"status\" aria-live=\"polite\" aria-atomic=\"true\"><\/p> <ul><\/ul><\/div>\n<form action=\"\/en\/wp-json\/wp\/v2\/pages\/2218#wpcf7-f5472-o1\" method=\"post\" class=\"wpcf7-form init demo\" aria-label=\"Contact form\" novalidate=\"novalidate\" data-status=\"init\" data-trp-original-action=\"\/en\/wp-json\/wp\/v2\/pages\/2218#wpcf7-f5472-o1\">\n<div style=\"display: none;\">\n<input type=\"hidden\" name=\"_wpcf7\" value=\"5472\" \/>\n<input type=\"hidden\" name=\"_wpcf7_version\" value=\"5.8.1\" \/>\n<input type=\"hidden\" name=\"_wpcf7_locale\" value=\"en_US\" \/>\n<input type=\"hidden\" name=\"_wpcf7_unit_tag\" value=\"wpcf7-f5472-o1\" \/>\n<input type=\"hidden\" name=\"_wpcf7_container_post\" value=\"0\" \/>\n<input type=\"hidden\" name=\"_wpcf7_posted_data_hash\" value=\"\" \/>\n<\/div>\n<div class=\"qodef-contact-form-simple\">\n\t<div class=\"qodef-contact-form-simple-input\">\n\t\t<label><span class=\"wpcf7-form-control-wrap\" data-name=\"your-email\"><input size=\"40\" class=\"wpcf7-form-control wpcf7-email wpcf7-validates-as-required wpcf7-text wpcf7-validates-as-email\" aria-required=\"true\" aria-invalid=\"false\" placeholder=\"E-mail\" value=\"\" type=\"email\" name=\"your-email\" \/><\/span> <\/label>\n\t<\/div>\n\n        <div class=\"qodef-contact-form-simple-input\">\n\t\t<label><span class=\"wpcf7-form-control-wrap\" data-name=\"your-name\"><input size=\"40\" class=\"wpcf7-form-control wpcf7-text wpcf7-validates-as-required\" aria-required=\"true\" aria-invalid=\"false\" placeholder=\"Ime i Prezime\" value=\"\" type=\"text\" name=\"your-name\" \/><\/span> <\/label>\n\t<\/div>\n\n\t<div class=\"qodef-contact-form-simple-text\">\n\t\t<label> <span class=\"wpcf7-form-control-wrap\" data-name=\"your-message\"><textarea cols=\"40\" rows=\"6\" class=\"wpcf7-form-control wpcf7-textarea\" aria-invalid=\"false\" placeholder=\"Poruka\" name=\"your-message\"><\/textarea><\/span> <\/label>\t\n\t<\/div>\n\n\t<div class=\"qodef-contact-form-simple-submit\">\n\t\t<button class=\"wpcf7-form-control wpcf7-submit qodef-button qodef-size--normal qodef-type--filled qodef-m\" type=\"submit\"><span class=\"qodef-m-text\">Po\u0161alji<\/span><\/button>\t\t\n\t<\/div>\n<\/div><div class=\"wpcf7-response-output\" aria-hidden=\"true\"><\/div>\n<input type=\"hidden\" name=\"trp-form-language\" value=\"en\"\/><\/form>\n<\/div>\n\t\t\t<\/div>\n\t\t\t\t\t<\/div>\n\t\t\t\t<\/div>\n\t\t\t\t\t<\/div>\n\t\t<\/div>\n\t\t\t\t<div class=\"elementor-column elementor-col-50 elementor-inner-column elementor-element elementor-element-773865b\" data-id=\"773865b\" data-element_type=\"column\">\n\t\t\t<div class=\"elementor-widget-wrap elementor-element-populated\">\n\t\t\t\t\t\t\t\t<div class=\"elementor-element elementor-element-cd1e7b4 elementor-widget elementor-widget-google_maps\" data-id=\"cd1e7b4\" data-element_type=\"widget\" data-widget_type=\"google_maps.default\">\n\t\t\t\t<div class=\"elementor-widget-container\">\n\t\t\t<style>\/*! elementor - v3.16.0 - 09-10-2023 *\/\n.elementor-widget-google_maps .elementor-widget-container{overflow:hidden}.elementor-widget-google_maps .elementor-custom-embed{line-height:0}.elementor-widget-google_maps iframe{height:300px}<\/style>\t\t<div class=\"elementor-custom-embed\">\n\t\t\t<iframe loading=\"lazy\"\n\t\t\t\t\tsrc=\"https:\/\/maps.google.com\/maps?q=Popova%20bara%20206.%20nova%2011%2C%2011211%2C%20BELGRADE%2C%20SERBIA&#038;t=m&#038;z=10&#038;output=embed&#038;iwloc=near\"\n\t\t\t\t\ttitle=\"Popova bara 206. nova 11, 11211, BELGRADE, SERBIA\"\n\t\t\t\t\taria-label=\"Popova bara 206. nova 11, 11211, BELGRADE, SERBIA\"\n\t\t\t><\/iframe>\n\t\t<\/div>\n\t\t\t\t<\/div>\n\t\t\t\t<\/div>\n\t\t\t\t\t<\/div>\n\t\t<\/div>\n\t\t\t\t\t\t\t<\/div>\n\t\t<\/section>\n\t\t\t\t\t<\/div>\n\t\t<\/div>\n\t\t\t\t\t\t\t<\/div>\n\t\t<\/section>\n\t\t\t\t\t\t\t<\/div>","protected":false},"excerpt":{"rendered":"<p>destilerijaza du\u0161u i prijatelje-jani\u0107 rakija POPOVA BARA NOVA 206 9, 11211 BOR\u010cA, BEOGRAD\u00a0+38169757997, +38163410832janic.rakija23@gmail.com Kontaktiraj nas Popuni polja<\/p>","protected":false},"author":1,"featured_media":0,"parent":0,"menu_order":0,"comment_status":"closed","ping_status":"closed","template":"page-full-width.php","meta":{"footnotes":""},"class_list":["post-2218","page","type-page","status-publish","hentry"],"yoast_head":"<!-- This site is optimized with the Yoast SEO plugin v21.9.1 - https:\/\/yoast.com\/wordpress\/plugins\/seo\/ -->\n<title>Kontakt | Za du\u0161u i prijatelje<\/title>\n<meta name=\"robots\" content=\"index, follow, max-snippet:-1, max-image-preview:large, max-video-preview:-1\" \/>\n<link rel=\"canonical\" href=\"https:\/\/rakijanje.rs\/en\/kontakt\/\" \/>\n<meta property=\"og:locale\" content=\"en_US\" \/>\n<meta property=\"og:type\" content=\"article\" \/>\n<meta property=\"og:title\" content=\"Kontakt | Za du\u0161u i prijatelje\" \/>\n<meta property=\"og:description\" content=\"destilerijaza du\u0161u i prijatelje-jani\u0107 rakija POPOVA BARA NOVA 206 9, 11211 BOR\u010cA, BEOGRAD\u00a0+38169757997, +38163410832janic.rakija23@gmail.com Kontaktiraj nas Popuni polja\" \/>\n<meta property=\"og:url\" content=\"https:\/\/rakijanje.rs\/en\/kontakt\/\" \/>\n<meta property=\"og:site_name\" content=\"Za du\u0161u i prijatelje\" \/>\n<meta property=\"article:publisher\" content=\"https:\/\/www.facebook.com\/profile.php?id=61553035311992\" \/>\n<meta property=\"article:modified_time\" content=\"2023-12-12T17:12:46+00:00\" \/>\n<meta property=\"og:image\" content=\"https:\/\/rakijanje.rs\/wp-content\/uploads\/2023\/04\/cropped-cropped-PNG-LOGO-JR-veci-e1682503715563.png\" \/>\n\t<meta property=\"og:image:width\" content=\"512\" \/>\n\t<meta property=\"og:image:height\" content=\"512\" \/>\n\t<meta property=\"og:image:type\" content=\"image\/png\" \/>\n<meta name=\"twitter:card\" content=\"summary_large_image\" \/>\n<script type=\"application\/ld+json\" class=\"yoast-schema-graph\">{\"@context\":\"https:\/\/schema.org\",\"@graph\":[{\"@type\":\"WebPage\",\"@id\":\"https:\/\/rakijanje.rs\/kontakt\/\",\"url\":\"https:\/\/rakijanje.rs\/kontakt\/\",\"name\":\"Kontakt | Za du\u0161u i prijatelje\",\"isPartOf\":{\"@id\":\"https:\/\/rakijanje.rs\/#website\"},\"datePublished\":\"2020-07-14T08:52:17+00:00\",\"dateModified\":\"2023-12-12T17:12:46+00:00\",\"breadcrumb\":{\"@id\":\"https:\/\/rakijanje.rs\/kontakt\/#breadcrumb\"},\"inLanguage\":\"en-US\",\"potentialAction\":[{\"@type\":\"ReadAction\",\"target\":[\"https:\/\/rakijanje.rs\/kontakt\/\"]}]},{\"@type\":\"BreadcrumbList\",\"@id\":\"https:\/\/rakijanje.rs\/kontakt\/#breadcrumb\",\"itemListElement\":[{\"@type\":\"ListItem\",\"position\":1,\"name\":\"Home\",\"item\":\"https:\/\/rakijanje.rs\/\"},{\"@type\":\"ListItem\",\"position\":2,\"name\":\"Kontakt\"}]},{\"@type\":\"WebSite\",\"@id\":\"https:\/\/rakijanje.rs\/#website\",\"url\":\"https:\/\/rakijanje.rs\/\",\"name\":\"Za du\u0161u i prijatelje\",\"description\":\"\",\"publisher\":{\"@id\":\"https:\/\/rakijanje.rs\/#organization\"},\"potentialAction\":[{\"@type\":\"SearchAction\",\"target\":{\"@type\":\"EntryPoint\",\"urlTemplate\":\"https:\/\/rakijanje.rs\/?s={search_term_string}\"},\"query-input\":\"required name=search_term_string\"}],\"inLanguage\":\"en-US\"},{\"@type\":\"Organization\",\"@id\":\"https:\/\/rakijanje.rs\/#organization\",\"name\":\"Za du\u0161u i prijatelje\",\"url\":\"https:\/\/rakijanje.rs\/\",\"logo\":{\"@type\":\"ImageObject\",\"inLanguage\":\"en-US\",\"@id\":\"https:\/\/rakijanje.rs\/#\/schema\/logo\/image\/\",\"url\":\"https:\/\/rakijanje.rs\/wp-content\/uploads\/2023\/04\/cropped-cropped-PNG-LOGO-JR-veci-e1682503715563.png\",\"contentUrl\":\"https:\/\/rakijanje.rs\/wp-content\/uploads\/2023\/04\/cropped-cropped-PNG-LOGO-JR-veci-e1682503715563.png\",\"width\":512,\"height\":512,\"caption\":\"Za du\u0161u i prijatelje\"},\"image\":{\"@id\":\"https:\/\/rakijanje.rs\/#\/schema\/logo\/image\/\"},\"sameAs\":[\"https:\/\/www.facebook.com\/profile.php?id=61553035311992\",\"https:\/\/www.instagram.com\/za_dusu_i_prijatelje\/\"]}]}<\/script>\n<!-- \/ Yoast SEO plugin. -->","yoast_head_json":{"title":"Kontakt | Za du\u0161u i prijatelje","robots":{"index":"index","follow":"follow","max-snippet":"max-snippet:-1","max-image-preview":"max-image-preview:large","max-video-preview":"max-video-preview:-1"},"canonical":"https:\/\/rakijanje.rs\/en\/kontakt\/","og_locale":"en_US","og_type":"article","og_title":"Kontakt | Za du\u0161u i prijatelje","og_description":"destilerijaza du\u0161u i prijatelje-jani\u0107 rakija POPOVA BARA NOVA 206 9, 11211 BOR\u010cA, BEOGRAD\u00a0+38169757997, +38163410832janic.rakija23@gmail.com Kontaktiraj nas Popuni polja","og_url":"https:\/\/rakijanje.rs\/en\/kontakt\/","og_site_name":"Za du\u0161u i prijatelje","article_publisher":"https:\/\/www.facebook.com\/profile.php?id=61553035311992","article_modified_time":"2023-12-12T17:12:46+00:00","og_image":[{"width":512,"height":512,"url":"https:\/\/rakijanje.rs\/wp-content\/uploads\/2023\/04\/cropped-cropped-PNG-LOGO-JR-veci-e1682503715563.png","type":"image\/png"}],"twitter_card":"summary_large_image","schema":{"@context":"https:\/\/schema.org","@graph":[{"@type":"WebPage","@id":"https:\/\/rakijanje.rs\/kontakt\/","url":"https:\/\/rakijanje.rs\/kontakt\/","name":"Kontakt | Za du\u0161u i prijatelje","isPartOf":{"@id":"https:\/\/rakijanje.rs\/#website"},"datePublished":"2020-07-14T08:52:17+00:00","dateModified":"2023-12-12T17:12:46+00:00","breadcrumb":{"@id":"https:\/\/rakijanje.rs\/kontakt\/#breadcrumb"},"inLanguage":"en-US","potentialAction":[{"@type":"ReadAction","target":["https:\/\/rakijanje.rs\/kontakt\/"]}]},{"@type":"BreadcrumbList","@id":"https:\/\/rakijanje.rs\/kontakt\/#breadcrumb","itemListElement":[{"@type":"ListItem","position":1,"name":"Home","item":"https:\/\/rakijanje.rs\/"},{"@type":"ListItem","position":2,"name":"Kontakt"}]},{"@type":"WebSite","@id":"https:\/\/rakijanje.rs\/#website","url":"https:\/\/rakijanje.rs\/","name":"Za du\u0161u i prijatelje","description":"","publisher":{"@id":"https:\/\/rakijanje.rs\/#organization"},"potentialAction":[{"@type":"SearchAction","target":{"@type":"EntryPoint","urlTemplate":"https:\/\/rakijanje.rs\/?s={search_term_string}"},"query-input":"required name=search_term_string"}],"inLanguage":"en-US"},{"@type":"Organization","@id":"https:\/\/rakijanje.rs\/#organization","name":"Za du\u0161u i prijatelje","url":"https:\/\/rakijanje.rs\/","logo":{"@type":"ImageObject","inLanguage":"en-US","@id":"https:\/\/rakijanje.rs\/#\/schema\/logo\/image\/","url":"https:\/\/rakijanje.rs\/wp-content\/uploads\/2023\/04\/cropped-cropped-PNG-LOGO-JR-veci-e1682503715563.png","contentUrl":"https:\/\/rakijanje.rs\/wp-content\/uploads\/2023\/04\/cropped-cropped-PNG-LOGO-JR-veci-e1682503715563.png","width":512,"height":512,"caption":"Za du\u0161u i prijatelje"},"image":{"@id":"https:\/\/rakijanje.rs\/#\/schema\/logo\/image\/"},"sameAs":["https:\/\/www.facebook.com\/profile.php?id=61553035311992","https:\/\/www.instagram.com\/za_dusu_i_prijatelje\/"]}]}},"jetpack_sharing_enabled":true,"_links":{"self":[{"href":"https:\/\/rakijanje.rs\/en\/wp-json\/wp\/v2\/pages\/2218","targetHints":{"allow":["GET"]}}],"collection":[{"href":"https:\/\/rakijanje.rs\/en\/wp-json\/wp\/v2\/pages"}],"about":[{"href":"https:\/\/rakijanje.rs\/en\/wp-json\/wp\/v2\/types\/page"}],"author":[{"embeddable":true,"href":"https:\/\/rakijanje.rs\/en\/wp-json\/wp\/v2\/users\/1"}],"replies":[{"embeddable":true,"href":"https:\/\/rakijanje.rs\/en\/wp-json\/wp\/v2\/comments?post=2218"}],"version-history":[{"count":16,"href":"https:\/\/rakijanje.rs\/en\/wp-json\/wp\/v2\/pages\/2218\/revisions"}],"predecessor-version":[{"id":5976,"href":"https:\/\/rakijanje.rs\/en\/wp-json\/wp\/v2\/pages\/2218\/revisions\/5976"}],"wp:attachment":[{"href":"https:\/\/rakijanje.rs\/en\/wp-json\/wp\/v2\/media?parent=2218"}],"curies":[{"name":"wp","href":"https:\/\/api.w.org\/{rel}","templated":true}]}}